{"id":225,"date":"2021-08-02T10:45:18","date_gmt":"2021-08-02T10:45:18","guid":{"rendered":"https:\/\/swisscorruption.ch\/datenschutzerklaerung\/"},"modified":"2021-09-24T16:08:52","modified_gmt":"2021-09-24T16:08:52","slug":"datenschutzerklaerung","status":"publish","type":"page","link":"https:\/\/swisscorruption.ch\/fr\/datenschutzerklaerung\/","title":{"rendered":"Protection des donn\u00e9es"},"content":{"rendered":"<div id=\"main-content\" class=\"site-content\" role=\"main\">\n<div class=\"SectionTitle center\">\n<h1 class=\"SectionTitle--inner\"><span class=\"SectionTitle--title\"> Datenschutz <\/span><\/h1>\n<\/div>\n<div class=\"ArticleLead\">Der verantwortungsvolle Umgang mit personenbezogenen Daten ist Public Eye ein grosses Anliegen. Public Eye h\u00e4lt sich an das Bundesgesetz \u00fcber den Datenschutz und informiert in dieser Datenschutzrichtlinie \u2013 publiziert auf der Website unter \u201eDatenschutz\u201c \u2013 transparent und wahrheitsgem\u00e4ss \u00fcber die Sammlung und Nutzung personenbezogener Daten. \u00c4nderungen werden hier umgehend kommuniziert.<\/div>\n<div id=\"c605\" class=\"ArticleText\">\n<p><!-- no_gap-top - kein Abstand nach oben no_gap-bottom - kein Abstand nach nach unten no_gap - kein Abstand nach oben und nach unten --><\/p>\n<div class=\"ArticleText--inner\">\n<p>Version 19.9.2019<\/p>\n<h3>Allgemein: Personenbezogene Daten<\/h3>\n<p>Damit unsere Angebote zielgerichtet und relevant sind sowie effizient genutzt werden k\u00f6nnen, ist es erforderlich, bestimmte Daten zu erheben. Personen, die sich f\u00fcr Public Eye interessieren, Informationen oder Produkte bestellen, einen Newsletter abonnieren, sich an einer Petition, Aktion oder Kampagne beteiligen oder Public Eye finanziell unterst\u00fctzen, \u00fcbergeben uns personenbezogene Daten. Diese werden mit dem bestehenden Adressstamm abgeglichen und elektronisch gespeichert. Sie werden ausschliesslich f\u00fcr die Zwecke von Public Eye verwendet. Zur Kontaktpflege kann es erforderlich sein, Ausz\u00fcge dieser Daten an einen von uns beauftragten Dienstleister (z. B. eine Druckerei) weiterzugeben. Diese unterstehen dem Datenschutzgesetz und d\u00fcrfen gem\u00e4ss Vereinbarung die Daten weder anderweitig nutzen noch weitergeben. Davon abgesehen werden von Public Eye keine personenbezogenen Daten an Dritte gegeben oder vermarktet.<\/p>\n<\/div>\n<\/div>\n<div id=\"c606\" class=\"ArticleText\">\n<p><!-- no_gap-top - kein Abstand nach oben no_gap-bottom - kein Abstand nach nach unten no_gap - kein Abstand nach oben und nach unten --><\/p>\n<div class=\"ArticleText--inner\">\n<h3>Postversand und Telefonanrufe<\/h3>\n<p>Wer uns eine Postadresse mitteilt, kann in regelm\u00e4ssigen Abst\u00e4nden per Post \u00fcber aktuelle Themen informiert werden, ausser dies wird ausdr\u00fccklich nicht erw\u00fcnscht. Die Angabe der Telefonnummer dient Public Eye f\u00fcr allf\u00e4llige R\u00fcckfragen oder Telefonaktionen. Die Altersangabe kann im Zusammenhang mit altersspezifischen Angeboten verwendet werden.<\/p>\n<\/div>\n<\/div>\n<div id=\"c5937\" class=\"ArticleText\">\n<p><!-- no_gap-top - kein Abstand nach oben no_gap-bottom - kein Abstand nach nach unten no_gap - kein Abstand nach oben und nach unten --><\/p>\n<div class=\"ArticleText--inner\">\n<h3>SMS<\/h3>\n<p>In einigen Kampagnen kommunizieren wir via SMS oder einem Messengerdienst wie WhatsApp mit Personen, die sich in der Kampagne engagieren m\u00f6chten. Wir versenden nur SMS an Personen, die explizit ihre Einwilligung dazu geben. F\u00fcr den SMS-Versand nutzen wir Twilio des US-amerikanischen Anbieters Twilio Inc. Twilio ist durch das <a href=\"https:\/\/www.privacyshield.gov\/participant?id=a2zt0000000GnH6AAK\" target=\"_blank\" rel=\"noopener\">Swiss-U.S Privacy Shield Framework<\/a> zertifiziert.<\/p>\n<\/div>\n<\/div>\n<div id=\"c607\" class=\"ArticleText\">\n<p><!-- no_gap-top - kein Abstand nach oben no_gap-bottom - kein Abstand nach nach unten no_gap - kein Abstand nach oben und nach unten --><\/p>\n<div class=\"ArticleText--inner\">\n<h3>Elektronischer Versand: E-Mails und Newsletter<\/h3>\n<p>Wer uns eine E-Mail-Adresse mitteilt, kann Informationen (wie z. B. Zahlungsbest\u00e4tigungen, Veranstaltungshinweise) per E-Mail erhalten. Der regelm\u00e4ssige Versand von Informationen, insbesondere des Newsletters, erfolgt jedoch nur mit der Einwilligung der interessierten Person (Opt-In). Wer unseren Newsletter nicht mehr erhalten m\u00f6chte, kann sich einfach und schnell \u00fcber den Abmeldelink abmelden, der in jedem Newsletter enthalten ist. Public Eye benutzt f\u00fcr den Versand von E-Mail-Newslettern das Produkt ActiveCampaign des amerikanischen Anbieters ActiveCampaign Inc., das Auswertungen zur Optimierung unserer Kommunikation erm\u00f6glicht. Die Nutzung unseres Newsletters (\u00d6ffnungen, Klicks auf Links) wird gespeichert und mit pers\u00f6nlichen Daten verkn\u00fcpft. Dies erm\u00f6glicht uns, unsere Angebote zu verbessern.\u00a0ActiveCampaign ist durch das <a href=\"https:\/\/www.privacyshield.gov\/participant?id=a2zt0000000GnH6AAK\" target=\"_blank\" rel=\"noopener\">Swiss-U.S Privacy Shield Framework<\/a> zertifiziert.<\/p>\n<\/div>\n<\/div>\n<div id=\"c608\" class=\"ArticleText\">\n<p><!-- no_gap-top - kein Abstand nach oben no_gap-bottom - kein Abstand nach nach unten no_gap - kein Abstand nach oben und nach unten --><\/p>\n<div class=\"ArticleText--inner\">\n<h3>Zahlungen<\/h3>\n<p>Public Eye behandelt Zahlungsdaten jeglicher Art \u00e4usserst vertraulich. Public Eye ist eine von der Zewo anerkannte gemeinn\u00fctzige Organisation. Das Zewo-G\u00fctesiegel garantiert, dass Spenden zweckbestimmt, wirksam und wirtschaftlich eingesetzt wird. Es steht f\u00fcr eine offene Kommunikation nach innen und aussen sowie f\u00fcr eine transparente Rechnungslegung. Public Eye verf\u00fcgt zudem \u00fcber ein Spendenreglement. Wir nehmen keine Spenden oder andere Mittel von Privatpersonen, Firmen oder Institutionen an, welche \u2013 soweit dies ersichtlich ist \u2013 unsere Unabh\u00e4ngigkeit oder ethische Integrit\u00e4t beeintr\u00e4chtigen k\u00f6nnten. Die Public Eye anvertrauten Kreditkartendaten werden verschl\u00fcsselt an einen externen, von der Kreditkartenindustrie (PCI DSS) zertifizierten Partner \u00fcbermittelt. Sie werden nicht durch Public Eye selbst gespeichert oder ausgewertet.<\/p>\n<\/div>\n<\/div>\n<div id=\"c609\" class=\"ArticleText\">\n<p><!-- no_gap-top - kein Abstand nach oben no_gap-bottom - kein Abstand nach nach unten no_gap - kein Abstand nach oben und nach unten --><\/p>\n<div class=\"ArticleText--inner\">\n<h3>Website<\/h3>\n<p>Beim Besuch einer von Public Eye betriebenen Website registriert der Webserver standardm\u00e4ssig unpers\u00f6nliche Nutzungsdaten. Diese Daten geben Auskunft \u00fcber aufgerufene Seiten und Dateien, IP-Adresse des anfordernden Computers, Zeitpunkt und Dauer des Besuchs, Betriebssystem und Browsertyp. Besuche der Website k\u00f6nnen mit personenbezogenen Daten verkn\u00fcpft werden, falls Public Eye solche mitgeteilt wurden. Dies erlaubt es uns, auf relevante und zielgerichtete Informationen hinzuweisen. F\u00fcr die Erfassung und Auswertung nutzt Public Eye das Webanalyse-Tool Matomo.<\/p>\n<\/div>\n<\/div>\n<div id=\"c610\" class=\"ArticleText\">\n<p><!-- no_gap-top - kein Abstand nach oben no_gap-bottom - kein Abstand nach nach unten no_gap - kein Abstand nach oben und nach unten --><\/p>\n<div class=\"ArticleText--inner\">\n<h3>Cookies<\/h3>\n<p>Auf den von Public Eye betriebenen Websites werden<strong> Cookies eingesetzt<\/strong>. Dies sind kleine Textdateien, die beim Aufruf auf den benutzten Ger\u00e4ten gespeichert werden, um unpers\u00f6nliche Nutzungsdaten auszuwerten oder wiederkehrende Besuche zu erkennen (z. B. Sprachauswahl, Warenkorb-Funktion im Online-Shop). Public Eye verwendet sowohl Session-Cookies, die nach Ablauf der Sitzung verfallen, als auch permanente Cookies, die erst nach einer bestimmten Zeitdauer oder bei einer manuellen L\u00f6schung verfallen. In den Browser-Einstellungen k\u00f6nnen Cookies jederzeit gel\u00f6scht und deaktiviert werden.<\/p>\n<\/div>\n<\/div>\n<div id=\"c611\" class=\"ArticleText\">\n<p><!-- no_gap-top - kein Abstand nach oben no_gap-bottom - kein Abstand nach nach unten no_gap - kein Abstand nach oben und nach unten --><\/p>\n<div class=\"ArticleText--inner\">\n<h3>Externe Links und Funktionen von Drittanbietern<\/h3>\n<p>Public Eye hat weder einen Einfluss auf externe Inhalte, auf die wir verweisen, noch auf die Einhaltung von Datenschutzbestimmungen durch Drittanbieter, deren Funktionen auf unseren Websites eingebunden sind. Diesbez\u00fcglich m\u00f6chten wir insbesondere auf die Datenschutzrichtlinien folgender Drittanbieter bzw. ihrer Tochtergesellschaften hinweisen: <a href=\"https:\/\/de-de.facebook.com\/about\/privacy\" target=\"_blank\" rel=\"noopener\">Facebook Inc.<\/a> und <a href=\"https:\/\/de-de.facebook.com\/help\/instagram\/155833707900388\" target=\"_blank\" rel=\"noopener\">Instagram Inc.<\/a>, <a href=\"https:\/\/twitter.com\/de\/privacy\" target=\"_blank\" rel=\"noopener\">Twitter Inc.<\/a>, <a href=\"https:\/\/www.activecampaign.com\/privacy-policy\/\" target=\"_blank\" rel=\"noopener\">ActiveCampaign Inc.<\/a>, <a href=\"https:\/\/www.raisenow.com\/de\/saas-agb\" target=\"_blank\" rel=\"noopener\">RaiseNow<\/a>, <a href=\"https:\/\/www.innocraft.com\/privacy\" target=\"_blank\" rel=\"noopener\">InnoCraft Ltd<\/a>, <a href=\"https:\/\/paperform.co\/privacy\/\" target=\"_blank\" rel=\"noopener\">Paperform<\/a>.<\/p>\n<\/div>\n<\/div>\n<div id=\"c612\" class=\"ArticleText\">\n<p><!-- no_gap-top - kein Abstand nach oben no_gap-bottom - kein Abstand nach nach unten no_gap - kein Abstand nach oben und nach unten --><\/p>\n<div class=\"ArticleText--inner\">\n<h3>Recht auf Auskunft<\/h3>\n<p>Wir geben Ihnen gerne schriftlich Auskunft \u00fcber Ihre gespeicherten Angaben und berichtigen bzw. l\u00f6schen diese auf Wunsch. Wenden Sie sich dazu per E-Mail an <a title=\"kontakt[at]publiceye.ch\">kontakt[at]publiceye.ch<\/a>.<\/p>\n<\/div>\n<\/div>\n<div id=\"c613\" class=\"ArticleText\">\n<p><!-- no_gap-top - kein Abstand nach oben no_gap-bottom - kein Abstand nach nach unten no_gap - kein Abstand nach oben und nach unten --><\/p>\n<div class=\"ArticleText--inner\">\n<h3>Einverst\u00e4ndniserkl\u00e4rung<\/h3>\n<p>Durch die Nutzung der zuvor genannten Angebote von Public Eye erkl\u00e4ren Sie sich mit der Bearbeitung der \u00fcber Sie erhobenen Daten in der beschriebenen Art und Weise und zu den benannten Zwecken einverstanden. F\u00fcr weitere Fragen und Ausk\u00fcnfte zur Datenschutzrichtlinie steht Public Eye gerne zur Verf\u00fcgung: Public Eye, Dienerstrasse 12, Postfach, 8021 Z\u00fcrich, +41 44 2 777 999, <a title=\"kontakt[at]publiceye.ch\">kontakt[at]publiceye.ch<\/a>.<\/p>\n<\/div>\n<\/div>\n<\/div>\n","protected":false},"excerpt":{"rendered":"<p>Datenschutz Der verantwortungsvolle Umgang mit personenbezogenen Daten ist Public Eye ein grosses Anliegen. Public Eye h\u00e4lt sich an das Bundesgesetz \u00fcber den Datenschutz und informiert in dieser Datenschutzrichtlinie \u2013 publiziert auf der Website unter \u201eDatenschutz\u201c \u2013 transparent und wahrheitsgem\u00e4ss \u00fcber die Sammlung und Nutzung personenbezogener Daten. \u00c4nderungen werden hier umgehend kommuniziert. Version 19.9.2019 Allgemein: Personenbezogene [&hellip;]<\/p>\n","protected":false},"author":1,"featured_media":0,"parent":0,"menu_order":0,"comment_status":"closed","ping_status":"open","template":"_seite.php","meta":{"_acf_changed":false,"footnotes":""},"class_list":["post-225","page","type-page","status-publish","hentry"],"acf":[],"yoast_head":"<!-- This site is optimized with the Yoast SEO plugin v26.2 - https:\/\/yoast.com\/wordpress\/plugins\/seo\/ -->\n<title>Protection des donn\u00e9es - Public Eye<\/title>\n<meta name=\"robots\" content=\"index, follow, max-snippet:-1, max-image-preview:large, max-video-preview:-1\" \/>\n<link rel=\"canonical\" href=\"https:\/\/swisscorruption.ch\/fr\/datenschutzerklaerung\/\" \/>\n<meta property=\"og:locale\" content=\"fr_FR\" \/>\n<meta property=\"og:type\" content=\"article\" \/>\n<meta property=\"og:title\" content=\"Protection des donn\u00e9es - Public Eye\" \/>\n<meta property=\"og:description\" content=\"Datenschutz Der verantwortungsvolle Umgang mit personenbezogenen Daten ist Public Eye ein grosses Anliegen. Public Eye h\u00e4lt sich an das Bundesgesetz \u00fcber den Datenschutz und informiert in dieser Datenschutzrichtlinie \u2013 publiziert auf der Website unter \u201eDatenschutz\u201c \u2013 transparent und wahrheitsgem\u00e4ss \u00fcber die Sammlung und Nutzung personenbezogener Daten. \u00c4nderungen werden hier umgehend kommuniziert. Version 19.9.2019 Allgemein: Personenbezogene [&hellip;]\" \/>\n<meta property=\"og:url\" content=\"https:\/\/swisscorruption.ch\/fr\/datenschutzerklaerung\/\" \/>\n<meta property=\"og:site_name\" content=\"Public Eye\" \/>\n<meta property=\"article:modified_time\" content=\"2021-09-24T16:08:52+00:00\" \/>\n<meta property=\"og:image\" content=\"https:\/\/swisscorruption.ch\/wp-content\/uploads\/2021\/09\/social.jpg\" \/>\n\t<meta property=\"og:image:width\" content=\"2556\" \/>\n\t<meta property=\"og:image:height\" content=\"1600\" \/>\n\t<meta property=\"og:image:type\" content=\"image\/jpeg\" \/>\n<meta name=\"twitter:card\" content=\"summary_large_image\" \/>\n<meta name=\"twitter:site\" content=\"@publiceye_ch\" \/>\n<meta name=\"twitter:label1\" content=\"Dur\u00e9e de lecture estim\u00e9e\" \/>\n\t<meta name=\"twitter:data1\" content=\"4 minutes\" \/>\n<script type=\"application\/ld+json\" class=\"yoast-schema-graph\">{\"@context\":\"https:\/\/schema.org\",\"@graph\":[{\"@type\":\"WebPage\",\"@id\":\"https:\/\/swisscorruption.ch\/fr\/datenschutzerklaerung\/\",\"url\":\"https:\/\/swisscorruption.ch\/fr\/datenschutzerklaerung\/\",\"name\":\"Protection des donn\u00e9es - Public Eye\",\"isPartOf\":{\"@id\":\"https:\/\/swisscorruption.ch\/#website\"},\"datePublished\":\"2021-08-02T10:45:18+00:00\",\"dateModified\":\"2021-09-24T16:08:52+00:00\",\"breadcrumb\":{\"@id\":\"https:\/\/swisscorruption.ch\/fr\/datenschutzerklaerung\/#breadcrumb\"},\"inLanguage\":\"fr-FR\",\"potentialAction\":[{\"@type\":\"ReadAction\",\"target\":[\"https:\/\/swisscorruption.ch\/fr\/datenschutzerklaerung\/\"]}]},{\"@type\":\"BreadcrumbList\",\"@id\":\"https:\/\/swisscorruption.ch\/fr\/datenschutzerklaerung\/#breadcrumb\",\"itemListElement\":[{\"@type\":\"ListItem\",\"position\":1,\"name\":\"Home\",\"item\":\"https:\/\/swisscorruption.ch\/fr\/\"},{\"@type\":\"ListItem\",\"position\":2,\"name\":\"Protection des donn\u00e9es\"}]},{\"@type\":\"WebSite\",\"@id\":\"https:\/\/swisscorruption.ch\/#website\",\"url\":\"https:\/\/swisscorruption.ch\/\",\"name\":\"Public Eye\",\"description\":\"Corruption \u00ab Made in Switzerland \u00bb\\n\",\"potentialAction\":[{\"@type\":\"SearchAction\",\"target\":{\"@type\":\"EntryPoint\",\"urlTemplate\":\"https:\/\/swisscorruption.ch\/?s={search_term_string}\"},\"query-input\":{\"@type\":\"PropertyValueSpecification\",\"valueRequired\":true,\"valueName\":\"search_term_string\"}}],\"inLanguage\":\"fr-FR\"}]}<\/script>\n<!-- \/ Yoast SEO plugin. -->","yoast_head_json":{"title":"Protection des donn\u00e9es - Public Eye","robots":{"index":"index","follow":"follow","max-snippet":"max-snippet:-1","max-image-preview":"max-image-preview:large","max-video-preview":"max-video-preview:-1"},"canonical":"https:\/\/swisscorruption.ch\/fr\/datenschutzerklaerung\/","og_locale":"fr_FR","og_type":"article","og_title":"Protection des donn\u00e9es - Public Eye","og_description":"Datenschutz Der verantwortungsvolle Umgang mit personenbezogenen Daten ist Public Eye ein grosses Anliegen. Public Eye h\u00e4lt sich an das Bundesgesetz \u00fcber den Datenschutz und informiert in dieser Datenschutzrichtlinie \u2013 publiziert auf der Website unter \u201eDatenschutz\u201c \u2013 transparent und wahrheitsgem\u00e4ss \u00fcber die Sammlung und Nutzung personenbezogener Daten. \u00c4nderungen werden hier umgehend kommuniziert. Version 19.9.2019 Allgemein: Personenbezogene [&hellip;]","og_url":"https:\/\/swisscorruption.ch\/fr\/datenschutzerklaerung\/","og_site_name":"Public Eye","article_modified_time":"2021-09-24T16:08:52+00:00","og_image":[{"width":2556,"height":1600,"url":"https:\/\/swisscorruption.ch\/wp-content\/uploads\/2021\/09\/social.jpg","type":"image\/jpeg"}],"twitter_card":"summary_large_image","twitter_site":"@publiceye_ch","twitter_misc":{"Dur\u00e9e de lecture estim\u00e9e":"4 minutes"},"schema":{"@context":"https:\/\/schema.org","@graph":[{"@type":"WebPage","@id":"https:\/\/swisscorruption.ch\/fr\/datenschutzerklaerung\/","url":"https:\/\/swisscorruption.ch\/fr\/datenschutzerklaerung\/","name":"Protection des donn\u00e9es - Public Eye","isPartOf":{"@id":"https:\/\/swisscorruption.ch\/#website"},"datePublished":"2021-08-02T10:45:18+00:00","dateModified":"2021-09-24T16:08:52+00:00","breadcrumb":{"@id":"https:\/\/swisscorruption.ch\/fr\/datenschutzerklaerung\/#breadcrumb"},"inLanguage":"fr-FR","potentialAction":[{"@type":"ReadAction","target":["https:\/\/swisscorruption.ch\/fr\/datenschutzerklaerung\/"]}]},{"@type":"BreadcrumbList","@id":"https:\/\/swisscorruption.ch\/fr\/datenschutzerklaerung\/#breadcrumb","itemListElement":[{"@type":"ListItem","position":1,"name":"Home","item":"https:\/\/swisscorruption.ch\/fr\/"},{"@type":"ListItem","position":2,"name":"Protection des donn\u00e9es"}]},{"@type":"WebSite","@id":"https:\/\/swisscorruption.ch\/#website","url":"https:\/\/swisscorruption.ch\/","name":"Public Eye","description":"Corruption \u00ab Made in Switzerland \u00bb\n","potentialAction":[{"@type":"SearchAction","target":{"@type":"EntryPoint","urlTemplate":"https:\/\/swisscorruption.ch\/?s={search_term_string}"},"query-input":{"@type":"PropertyValueSpecification","valueRequired":true,"valueName":"search_term_string"}}],"inLanguage":"fr-FR"}]}},"_links":{"self":[{"href":"https:\/\/swisscorruption.ch\/fr\/wp-json\/wp\/v2\/pages\/225","targetHints":{"allow":["GET"]}}],"collection":[{"href":"https:\/\/swisscorruption.ch\/fr\/wp-json\/wp\/v2\/pages"}],"about":[{"href":"https:\/\/swisscorruption.ch\/fr\/wp-json\/wp\/v2\/types\/page"}],"author":[{"embeddable":true,"href":"https:\/\/swisscorruption.ch\/fr\/wp-json\/wp\/v2\/users\/1"}],"replies":[{"embeddable":true,"href":"https:\/\/swisscorruption.ch\/fr\/wp-json\/wp\/v2\/comments?post=225"}],"version-history":[{"count":8,"href":"https:\/\/swisscorruption.ch\/fr\/wp-json\/wp\/v2\/pages\/225\/revisions"}],"predecessor-version":[{"id":923,"href":"https:\/\/swisscorruption.ch\/fr\/wp-json\/wp\/v2\/pages\/225\/revisions\/923"}],"wp:attachment":[{"href":"https:\/\/swisscorruption.ch\/fr\/wp-json\/wp\/v2\/media?parent=225"}],"curies":[{"name":"wp","href":"https:\/\/api.w.org\/{rel}","templated":true}]}}